{"id":10,"date":"2014-03-04T10:09:18","date_gmt":"2014-03-04T08:09:18","guid":{"rendered":"http:\/\/frankfurt-liebenswert.de\/?page_id=10"},"modified":"2024-10-18T17:17:51","modified_gmt":"2024-10-18T15:17:51","slug":"individuelle-stadtfuehrung","status":"publish","type":"page","link":"https:\/\/frankfurt-liebenswert.de\/?page_id=10","title":{"rendered":"Individuelle Stadtf\u00fchrung"},"content":{"rendered":"<p>Wie w\u00e4re es mit einer ganz individuellen Stadtf\u00fchrung?<br \/>\nF\u00fcr Sie alleine oder f\u00fcr Sie und Ihre G\u00e4ste, an Ihrem Wunschtermin.<br \/>\nGerne vereinbaren Sie mit uns, welche Schwerpunkte wir bei der F\u00fchrung setzen sollen.<\/p>\n<p>Nehmen Sie am besten 14 Tage vorher mit uns <a title=\"Kontakt\" href=\"https:\/\/frankfurt-liebenswert.de\/?page_id=32\">Kontakt<\/a> auf. Falls es mal schneller gehen soll: Wir versuchen, auch kurzfristig, eine individuelle Stadtf\u00fchrung f\u00fcr Sie zu organisieren.<\/p>\n<p><strong>Bei gr\u00f6\u00dferen Gruppen mit mehr als sechs Personen organisieren wir mehrere Begleiter.<\/strong><\/p>\n<p>Spezielle F\u00fchrungen in den letzten Wochen waren:<\/p>\n<h5><span style=\"color: #ff0000;\"><strong><span style=\"color: #000000;\">F\u00fchrung:\u00a0<\/span>\u00a0 &#8218;Barockes Frankfurt&#8216;\u00a0\u00a0<\/strong><\/span><\/h5>\n<p>Die Hauptwache ist das bekannteste barocke Bauwerk in Frankfurt. Doch es gibt noch ein paar weitere Bauten aus der Wende vom 17. zum 18.Jahrhundert, die auf einem Stadtspaziergang zeigt werden.<\/p>\n<hr \/>\n<h4>F\u00fchrung:\u00a0 \u00a0<span style=\"color: #ff0000;\">&#8218;<em><b>Geheimisse Frankfurts 2.0<\/b><\/em>&#8218;<\/span><\/h4>\n<p class=\"elementtoproof\" style=\"background: white; white-space: pre-wrap;\"><span style=\"color: #242424;\">Wissen Sie, warum ein Strau\u00df an der Wand der Bethmann-Bank prangt? Oder dass sich eine 50er-Jahre Ikone im ehemaligen Bundesrechnungshof befindet? Was es damit\u00a0<\/span><span style=\"color: black;\">\u2013 und anderen sehenswerten Kleinigkeiten \u2013\u00a0<\/span><span style=\"color: #242424;\">auf sich hat, erz\u00e4hlen wir bei unserem Spaziergang\u00a0von der Hauptwache Richtung Main.<\/span><\/p>\n<hr \/>\n<h4>F\u00fchrung:\u00a0 \u00a0<span style=\"color: #ff0000;\">&#8218;<b><em>Was von Goethe \u00fcbrig blieb<\/em>&#8218;<\/b><\/span><\/h4>\n<p style=\"background: white; white-space: pre-wrap;\"><span style=\"color: #242424;\">Johann Wolfgang Goethe (das \u201evon\u201c bekam er erst sp\u00e4ter) ist wohl der\u00a0<\/span><span style=\"color: #0070c0;\">weltweit<\/span><span style=\"color: #242424;\"> bekannteste Frankfurter. Allerdings verlie\u00df er seine Heimatstadt schon im Alter von 26 Jahren. Was in Frankfurt noch heute mit ihm in Verbindung steht, ist auf dem Innenstadtrundgang zu erfahren.\u00a0&#8218;<\/span><\/p>\n<hr \/>\n<h4><strong>F\u00fchrung:\u00a0 \u00a0<span style=\"color: #ff0000;\">&#8218;<em>Gr\u00fcn, Geb\u00e4ude und Geschichte(n) &#8211; Wallanlagen vom Eschenheimer Turm Richtung Osten<\/em>&#8218;<\/span><\/strong><\/h4>\n<p>Auch entlang des Anlagenrings Richtung Osten stecken hinter den Denkmalen und Geb\u00e4uden viele Geschichten, die wir Ihnen auf dem Spaziergang erz\u00e4hlen, z.B. \u00fcber das Denkmal f\u00fcr den Erfinder des Telefons oder einen Museumsbau, der nur f\u00fcr eine einzige Statue erschaffen wurde.<\/p>\n<hr \/>\n<h4><strong>F\u00fchrung:\u00a0 \u00a0<em><span style=\"color: #ff0000;\">&#8218;Die neue Altstadt in Frankfurt und drumherum&#8216;<\/span><\/em><\/strong><\/h4>\n<p>bei der F\u00fchrung wird geschichtliches sowie Geschichten und Anekdoten zu Frankfurter Altstadtsehenesw\u00fcrdigkeiten erz\u00e4hlt. Auch werden wir \u00fcber einige der historischen Geb\u00e4ude innerhalb des Anlagenrings erz\u00e4hlen.<\/p>\n<hr \/>\n<h4><strong>F<\/strong><strong>\u00fchrung:\u00a0 <span style=\"color: #ff0000;\">&#8218;<\/span><\/strong><span style=\"color: #ff0000;\">Frankfurter Bahnhofsviertel &#8211;\u00a0 \u00a0 \u00a0 \u00a0 \u00a0 \u00a0 \u00a0 \u00a0 \u00a0 \u00a0 \u00a0 \u00a0 \u00a0 \u00a0 \u00a0 \u00a0 \u00a0 \u00a0 \u00a0 \u00a0 \u00a0 \u00a0 Multikulti zwischen Bordellen und Banken&#8216; <\/span><\/h4>\n<p>Auf diesem sehr informativen Spaziergang erfahren Sie, wie aus dem einstigen Edelviertel der ber\u00fchmt-ber\u00fcchtigte Stadtteil wurde.<\/p>\n<p>&nbsp;<\/p>\n","protected":false},"excerpt":{"rendered":"<p>Wie w\u00e4re es mit einer ganz individuellen Stadtf\u00fchrung? F\u00fcr Sie alleine oder f\u00fcr Sie und Ihre G\u00e4ste, an Ihrem Wunschtermin. Gerne vereinbaren Sie mit uns, welche Schwerpunkte wir bei der F\u00fchrung setzen sollen. Nehmen Sie am besten 14 Tage vorher mit uns Kontakt auf. Falls es mal schneller gehen soll: Wir versuchen, auch kurzfristig, eine [&hellip;]<\/p>\n","protected":false},"author":11,"featured_media":0,"parent":2,"menu_order":0,"comment_status":"closed","ping_status":"closed","template":"","meta":{"footnotes":""},"class_list":["post-10","page","type-page","status-publish","hentry"],"_links":{"self":[{"href":"https:\/\/frankfurt-liebenswert.de\/index.php?rest_route=\/wp\/v2\/pages\/10","targetHints":{"allow":["GET"]}}],"collection":[{"href":"https:\/\/frankfurt-liebenswert.de\/index.php?rest_route=\/wp\/v2\/pages"}],"about":[{"href":"https:\/\/frankfurt-liebenswert.de\/index.php?rest_route=\/wp\/v2\/types\/page"}],"author":[{"embeddable":true,"href":"https:\/\/frankfurt-liebenswert.de\/index.php?rest_route=\/wp\/v2\/users\/11"}],"replies":[{"embeddable":true,"href":"https:\/\/frankfurt-liebenswert.de\/index.php?rest_route=%2Fwp%2Fv2%2Fcomments&post=10"}],"version-history":[{"count":9,"href":"https:\/\/frankfurt-liebenswert.de\/index.php?rest_route=\/wp\/v2\/pages\/10\/revisions"}],"predecessor-version":[{"id":2047,"href":"https:\/\/frankfurt-liebenswert.de\/index.php?rest_route=\/wp\/v2\/pages\/10\/revisions\/2047"}],"up":[{"embeddable":true,"href":"https:\/\/frankfurt-liebenswert.de\/index.php?rest_route=\/wp\/v2\/pages\/2"}],"wp:attachment":[{"href":"https:\/\/frankfurt-liebenswert.de\/index.php?rest_route=%2Fwp%2Fv2%2Fmedia&parent=10"}],"curies":[{"name":"wp","href":"https:\/\/api.w.org\/{rel}","templated":true}]}}