{"id":117,"date":"2014-07-28T09:53:48","date_gmt":"2014-07-28T07:53:48","guid":{"rendered":"http:\/\/frankfurt-liebenswert.de\/?page_id=117"},"modified":"2026-01-20T16:37:11","modified_gmt":"2026-01-20T15:37:11","slug":"home","status":"publish","type":"page","link":"https:\/\/frankfurt-liebenswert.de\/","title":{"rendered":"Home"},"content":{"rendered":"<h4><span style=\"color: #008000;\"><strong>Herzlich Willkommen!<\/strong><\/span><\/h4>\n<p>Der <em><strong>Freundeskreis liebenswertes Frankfurt e.V.<\/strong><\/em>\u00a0bietet individuelle <a href=\"https:\/\/frankfurt-liebenswert.de\/?page_id=29\">kostenlose F\u00fchrungen <\/a>durch Frankfurt an. Nehmen Sie <a href=\"https:\/\/frankfurt-liebenswert.de\/?page_id=32\">Kontakt<\/a> mit uns auf und vereinbaren Sie einen Termin.<\/p>\n<p>Unsere <strong>F\u00fchrungen<\/strong> sind so einzigartig wie auch unser Team aus stadtbegeisterten Frankfurtern. Jede F\u00fchrung ist einzigartig, individuell nach Ihren W\u00fcnschen ausgerichtet und den Vorlieben unserer F\u00fchrer*innen.<\/p>\n<p style=\"text-align: center;\"><img loading=\"lazy\" decoding=\"async\" class=\"alignnone size-medium wp-image-2192\" src=\"https:\/\/frankfurt-liebenswert.de\/wp-content\/uploads\/Frankfurt-1-300x169.jpg\" alt=\"\" width=\"300\" height=\"169\" srcset=\"https:\/\/frankfurt-liebenswert.de\/wp-content\/uploads\/Frankfurt-1-300x169.jpg 300w, https:\/\/frankfurt-liebenswert.de\/wp-content\/uploads\/Frankfurt-1-768x432.jpg 768w, https:\/\/frankfurt-liebenswert.de\/wp-content\/uploads\/Frankfurt-1.jpg 800w\" sizes=\"auto, (max-width: 300px) 100vw, 300px\" \/><\/p>\n<p>Viel Spa\u00df beim Erkunden von Frankfurt am Main mit uns!<\/p>\n<p>Auch veranstalten wir<strong> Bilder- Vortr\u00e4ge<\/strong> zu Frankfurter Themen. Diese Vortr\u00e4ge sind \u00f6ffentlich und kostenlos, n\u00e4here Hinweise unter <a title=\"Aktuelles\" href=\"https:\/\/frankfurt-liebenswert.de\/?page_id=178\">Aktuelles<\/a>.<\/p>\n<p>Bei Gespr\u00e4chen rund um Frankfurter Themen\u00a0 treffen uns von\u00a0 <a href=\"https:\/\/frankfurt-liebenswert.de\/?p=1\">einmal monatlich<\/a> im <a href=\"https:\/\/paulaner-am-dom.de\/\">Paulaner am Dom<\/a>. N\u00e4chster Termin siehe <a title=\"Aktuelles\" href=\"https:\/\/frankfurt-liebenswert.de\/?page_id=178\">Aktuelles<\/a>.<\/p>\n<p><strong>G\u00e4ste sind stets willkommen.<\/strong><\/p>\n<p><img loading=\"lazy\" decoding=\"async\" class=\"alignnone wp-image-2086\" src=\"https:\/\/frankfurt-liebenswert.de\/wp-content\/uploads\/Franfurt-scaled-e1718011282558-300x190.jpg\" alt=\"\" width=\"484\" height=\"306\" srcset=\"https:\/\/frankfurt-liebenswert.de\/wp-content\/uploads\/Franfurt-scaled-e1718011282558-300x190.jpg 300w, https:\/\/frankfurt-liebenswert.de\/wp-content\/uploads\/Franfurt-scaled-e1718011282558-1024x647.jpg 1024w, https:\/\/frankfurt-liebenswert.de\/wp-content\/uploads\/Franfurt-scaled-e1718011282558-768x485.jpg 768w, https:\/\/frankfurt-liebenswert.de\/wp-content\/uploads\/Franfurt-scaled-e1718011282558-1536x971.jpg 1536w, https:\/\/frankfurt-liebenswert.de\/wp-content\/uploads\/Franfurt-scaled-e1718011282558-2048x1295.jpg 2048w\" sizes=\"auto, (max-width: 484px) 100vw, 484px\" \/><\/p>\n<hr \/>\n<p style=\"text-align: center;\"><strong><span style=\"color: #999999;\">Freundeskreis liebenswertes Frankfurt e.V.\u00a0<\/span><\/strong><\/p>\n<p style=\"text-align: center;\"><span style=\"color: #339966;\"><a style=\"color: #339966;\" href=\"https:\/\/frankfurt-liebenswert.de\/\">info@frankfurt-liebenswert.de<\/a><\/span><\/p>\n<p style=\"text-align: center;\"><a href=\"https:\/\/frankfurt-liebenswert.de\/?page_id=34\">Impressum<\/a><br \/>\n<span style=\"color: #999999;\"><a href=\"https:\/\/frankfurt-liebenswert.de\/?page_id=835\">Datenschutz<\/a><\/span><br \/>\n<span style=\"color: #999999;\"><a href=\"https:\/\/frankfurt-liebenswert.de\/?page_id=838\">Haftungsausschluss<\/a><\/span><\/p>\n","protected":false},"excerpt":{"rendered":"<p>Herzlich Willkommen! Der Freundeskreis liebenswertes Frankfurt e.V.\u00a0bietet individuelle kostenlose F\u00fchrungen durch Frankfurt an. Nehmen Sie Kontakt mit uns auf und vereinbaren Sie einen Termin. Unsere F\u00fchrungen sind so einzigartig wie auch unser Team aus stadtbegeisterten Frankfurtern. Jede F\u00fchrung ist einzigartig, individuell nach Ihren W\u00fcnschen ausgerichtet und den Vorlieben unserer F\u00fchrer*innen. Viel Spa\u00df beim Erkunden von [&hellip;]<\/p>\n","protected":false},"author":11,"featured_media":0,"parent":0,"menu_order":0,"comment_status":"closed","ping_status":"closed","template":"","meta":{"footnotes":""},"class_list":["post-117","page","type-page","status-publish","hentry"],"_links":{"self":[{"href":"https:\/\/frankfurt-liebenswert.de\/index.php?rest_route=\/wp\/v2\/pages\/117","targetHints":{"allow":["GET"]}}],"collection":[{"href":"https:\/\/frankfurt-liebenswert.de\/index.php?rest_route=\/wp\/v2\/pages"}],"about":[{"href":"https:\/\/frankfurt-liebenswert.de\/index.php?rest_route=\/wp\/v2\/types\/page"}],"author":[{"embeddable":true,"href":"https:\/\/frankfurt-liebenswert.de\/index.php?rest_route=\/wp\/v2\/users\/11"}],"replies":[{"embeddable":true,"href":"https:\/\/frankfurt-liebenswert.de\/index.php?rest_route=%2Fwp%2Fv2%2Fcomments&post=117"}],"version-history":[{"count":351,"href":"https:\/\/frankfurt-liebenswert.de\/index.php?rest_route=\/wp\/v2\/pages\/117\/revisions"}],"predecessor-version":[{"id":2374,"href":"https:\/\/frankfurt-liebenswert.de\/index.php?rest_route=\/wp\/v2\/pages\/117\/revisions\/2374"}],"wp:attachment":[{"href":"https:\/\/frankfurt-liebenswert.de\/index.php?rest_route=%2Fwp%2Fv2%2Fmedia&parent=117"}],"curies":[{"name":"wp","href":"https:\/\/api.w.org\/{rel}","templated":true}]}}