{"id":16,"date":"2014-03-04T10:16:09","date_gmt":"2014-03-04T08:16:09","guid":{"rendered":"http:\/\/frankfurt-liebenswert.de\/?page_id=16"},"modified":"2014-11-05T23:06:24","modified_gmt":"2014-11-05T21:06:24","slug":"spezielle-streifzuege","status":"publish","type":"page","link":"https:\/\/frankfurt-liebenswert.de\/?page_id=16","title":{"rendered":"Spezielle Themen"},"content":{"rendered":"<p>Wir bieten auch <strong>spezielle Streifz\u00fcge<\/strong> an, die sich mit nur einem Frankfurter Thema befassen, wie z. B. der Paulskirche, oder wir spazieren mit Ihnen durch die Wallanlagen.<\/p>\n<ul>\n<li>\u00a0Sie haben Interesse an einem Stadtteil, z.B. Bornheim,<\/li>\n<li>Sachsenhausen oder H\u00f6chst? Wir informieren Sie \u00fcber die Sehensw\u00fcrdigkeiten dieser und einiger anderer Stadtteile.<\/li>\n<li>Sie wollen ein bestimmtes Frankfurter Thema vertiefen.<\/li>\n<li>Sie m\u00f6chten einen speziellen Bereich von Frankfurt am Main n\u00e4her kennenlernen?<\/li>\n<\/ul>\n<p><a href=\"https:\/\/frankfurt-liebenswert.de\/wp-content\/uploads\/2014\/03\/E_Nebbien_front.jpg\"><img loading=\"lazy\" decoding=\"async\" class=\"alignnone size-full wp-image-93\" src=\"https:\/\/frankfurt-liebenswert.de\/wp-content\/uploads\/2014\/03\/E_Nebbien_front.jpg\" alt=\"E_Nebbien_front\" width=\"1280\" height=\"853\" srcset=\"https:\/\/frankfurt-liebenswert.de\/wp-content\/uploads\/2014\/03\/E_Nebbien_front.jpg 1280w, https:\/\/frankfurt-liebenswert.de\/wp-content\/uploads\/2014\/03\/E_Nebbien_front-300x199.jpg 300w, https:\/\/frankfurt-liebenswert.de\/wp-content\/uploads\/2014\/03\/E_Nebbien_front-1024x682.jpg 1024w\" sizes=\"auto, (max-width: 1280px) 100vw, 1280px\" \/><\/a><\/p>\n<p><strong>Sprechen Sie uns an, wir sind f\u00fcr Sie da.<\/strong><\/p>\n<p>&nbsp;<\/p>\n","protected":false},"excerpt":{"rendered":"<p>Wir bieten auch spezielle Streifz\u00fcge an, die sich mit nur einem Frankfurter Thema befassen, wie z. B. der Paulskirche, oder wir spazieren mit Ihnen durch die Wallanlagen. \u00a0Sie haben Interesse an einem Stadtteil, z.B. Bornheim, Sachsenhausen oder H\u00f6chst? Wir informieren Sie \u00fcber die Sehensw\u00fcrdigkeiten dieser und einiger anderer Stadtteile. Sie wollen ein bestimmtes Frankfurter Thema [&hellip;]<\/p>\n","protected":false},"author":11,"featured_media":0,"parent":2,"menu_order":2,"comment_status":"closed","ping_status":"closed","template":"","meta":{"footnotes":""},"class_list":["post-16","page","type-page","status-publish","hentry"],"_links":{"self":[{"href":"https:\/\/frankfurt-liebenswert.de\/index.php?rest_route=\/wp\/v2\/pages\/16","targetHints":{"allow":["GET"]}}],"collection":[{"href":"https:\/\/frankfurt-liebenswert.de\/index.php?rest_route=\/wp\/v2\/pages"}],"about":[{"href":"https:\/\/frankfurt-liebenswert.de\/index.php?rest_route=\/wp\/v2\/types\/page"}],"author":[{"embeddable":true,"href":"https:\/\/frankfurt-liebenswert.de\/index.php?rest_route=\/wp\/v2\/users\/11"}],"replies":[{"embeddable":true,"href":"https:\/\/frankfurt-liebenswert.de\/index.php?rest_route=%2Fwp%2Fv2%2Fcomments&post=16"}],"version-history":[{"count":3,"href":"https:\/\/frankfurt-liebenswert.de\/index.php?rest_route=\/wp\/v2\/pages\/16\/revisions"}],"predecessor-version":[{"id":154,"href":"https:\/\/frankfurt-liebenswert.de\/index.php?rest_route=\/wp\/v2\/pages\/16\/revisions\/154"}],"up":[{"embeddable":true,"href":"https:\/\/frankfurt-liebenswert.de\/index.php?rest_route=\/wp\/v2\/pages\/2"}],"wp:attachment":[{"href":"https:\/\/frankfurt-liebenswert.de\/index.php?rest_route=%2Fwp%2Fv2%2Fmedia&parent=16"}],"curies":[{"name":"wp","href":"https:\/\/api.w.org\/{rel}","templated":true}]}}