{"id":19,"date":"2014-03-04T10:19:50","date_gmt":"2014-03-04T08:19:50","guid":{"rendered":"http:\/\/frankfurt-liebenswert.de\/?page_id=19"},"modified":"2026-01-18T13:24:25","modified_gmt":"2026-01-18T12:24:25","slug":"vortraege","status":"publish","type":"page","link":"https:\/\/frankfurt-liebenswert.de\/?page_id=19","title":{"rendered":"Vortr\u00e4ge"},"content":{"rendered":"<p>Der Freundeskreis liebenswertes Frankfurt e.V. <strong>veranstaltet auch Bilder- Vortr\u00e4ge<\/strong> zu Frankfurter Themen.\u00a0 In 2026 finden diese in der Paulsgemeinde Neue Altstadt, Hinter dem L\u00e4mmchen 8 statt . Diese Vortr\u00e4ge sind \u00f6ffentlich und kostenlos, n\u00e4here Hinweise unter <a title=\"Aktuelles\" href=\"https:\/\/frankfurt-liebenswert.de\/?page_id=178\">Aktuelles<\/a>.<\/p>\n<p>Auf Wunsch kommen wir auch zu Ihnen &#8211; z.B. zu Vereinsheimen, Begegnungsst\u00e4tten oder Senioreneinrichtungen. Bitte fragen Sie nach unserer Themen\u00fcbersicht. Wir bringen Ihnen ein St\u00fcck Frankfurt ins Haus.<\/p>\n<p><img loading=\"lazy\" decoding=\"async\" class=\"alignleft\" src=\"https:\/\/www.paulsgemeinde.de\/wp-content\/uploads\/2021\/04\/hdl8_64.jpg\" width=\"232\" height=\"309\" \/><\/p>\n<p><strong>Paulsgemeinde Frankfurt<\/strong><\/p>\n<p>Hinter dem L\u00e4mmchen\u00a0 8<\/p>\n<p>Neue Altstadt Frankfurt<\/p>\n<p>U-Bahn Station Dom-R\u00f6mer<\/p>\n<p>&nbsp;<\/p>\n","protected":false},"excerpt":{"rendered":"<p>Der Freundeskreis liebenswertes Frankfurt e.V. veranstaltet auch Bilder- Vortr\u00e4ge zu Frankfurter Themen.\u00a0 In 2026 finden diese in der Paulsgemeinde Neue Altstadt, Hinter dem L\u00e4mmchen 8 statt . Diese Vortr\u00e4ge sind \u00f6ffentlich und kostenlos, n\u00e4here Hinweise unter Aktuelles. Auf Wunsch kommen wir auch zu Ihnen &#8211; z.B. zu Vereinsheimen, Begegnungsst\u00e4tten oder Senioreneinrichtungen. Bitte fragen Sie nach [&hellip;]<\/p>\n","protected":false},"author":11,"featured_media":0,"parent":2,"menu_order":3,"comment_status":"closed","ping_status":"closed","template":"","meta":{"footnotes":""},"class_list":["post-19","page","type-page","status-publish","hentry"],"_links":{"self":[{"href":"https:\/\/frankfurt-liebenswert.de\/index.php?rest_route=\/wp\/v2\/pages\/19","targetHints":{"allow":["GET"]}}],"collection":[{"href":"https:\/\/frankfurt-liebenswert.de\/index.php?rest_route=\/wp\/v2\/pages"}],"about":[{"href":"https:\/\/frankfurt-liebenswert.de\/index.php?rest_route=\/wp\/v2\/types\/page"}],"author":[{"embeddable":true,"href":"https:\/\/frankfurt-liebenswert.de\/index.php?rest_route=\/wp\/v2\/users\/11"}],"replies":[{"embeddable":true,"href":"https:\/\/frankfurt-liebenswert.de\/index.php?rest_route=%2Fwp%2Fv2%2Fcomments&post=19"}],"version-history":[{"count":26,"href":"https:\/\/frankfurt-liebenswert.de\/index.php?rest_route=\/wp\/v2\/pages\/19\/revisions"}],"predecessor-version":[{"id":2361,"href":"https:\/\/frankfurt-liebenswert.de\/index.php?rest_route=\/wp\/v2\/pages\/19\/revisions\/2361"}],"up":[{"embeddable":true,"href":"https:\/\/frankfurt-liebenswert.de\/index.php?rest_route=\/wp\/v2\/pages\/2"}],"wp:attachment":[{"href":"https:\/\/frankfurt-liebenswert.de\/index.php?rest_route=%2Fwp%2Fv2%2Fmedia&parent=19"}],"curies":[{"name":"wp","href":"https:\/\/api.w.org\/{rel}","templated":true}]}}