{"id":2,"date":"2014-03-04T07:58:10","date_gmt":"2014-03-04T05:58:10","guid":{"rendered":"http:\/\/frankfurt-liebenswert.de\/?page_id=2"},"modified":"2026-01-20T16:34:30","modified_gmt":"2026-01-20T15:34:30","slug":"beispiel-seite","status":"publish","type":"page","link":"https:\/\/frankfurt-liebenswert.de\/?page_id=2","title":{"rendered":"Was wir bieten"},"content":{"rendered":"<h3><span style=\"color: #008000;\">Stadtf\u00fchrungen, Begleitungen, oder Vortr\u00e4ge<\/span><\/h3>\n<p><strong>Entdecken Sie mit uns das liebenswerte und interessante Frankfurt<\/strong><\/p>\n<p>Ob Sie neu sind in Frankfurt \u00a0oder Ihr Wissen \u00fcber Frankfurt vertiefen wollen, ob Sie Freunden ihre Stadt pr\u00e4sentieren oder Originelles verschenken m\u00f6chten:\u00a0 F\u00fcr unsere Stadtf\u00fchrungen und Vortr\u00e4ge bietet sich immer eine Gelegenheit&#8230;<\/p>\n<ul>\n<li>F\u00fchrungen an Ihrem Wunschtermin<\/li>\n<li>F\u00fchrungen zu speziellen Themen, die Sie interessieren<\/li>\n<li>Vortr\u00e4ge zum Thema &#8222;Frankfurt am Main&#8220;<\/li>\n<li>Vortr\u00e4ge zu speziellen Themen<\/li>\n<li>F\u00fchrungen auch in Englisch<\/li>\n<\/ul>\n<p><strong>Unsere Angebote sind <span style=\"color: #ff0000;\">kostenlos<\/span><\/strong><span style=\"color: #ff0000;\">.<\/span> \u00dcber eine\u00a0 Spende an unseren gemeinn\u00fctzigen Verein w\u00fcrden wir uns freuen.<\/p>\n<p>&nbsp;<\/p>\n<hr \/>\n<p style=\"text-align: center;\"><span style=\"color: #999999;\">Freundeskreis liebenswertes Frankfurt e.V.<\/span><br \/>\n<span style=\"color: #339966;\"><a style=\"color: #339966;\" href=\"https:\/\/frankfurt-liebenswert.de\/\">info@frankfurt-liebenswert.de<\/a><\/span><\/p>\n<p style=\"text-align: center;\"><a href=\"https:\/\/frankfurt-liebenswert.de\/?page_id=34\">Impressum<\/a><br \/>\n<span style=\"color: #999999;\"><a href=\"https:\/\/frankfurt-liebenswert.de\/?page_id=835\">Datenschutz<\/a><\/span><br \/>\n<span style=\"color: #999999;\"><a href=\"https:\/\/frankfurt-liebenswert.de\/?page_id=838\">Haftungsausschluss<\/a><\/span><\/p>\n","protected":false},"excerpt":{"rendered":"<p>Stadtf\u00fchrungen, Begleitungen, oder Vortr\u00e4ge Entdecken Sie mit uns das liebenswerte und interessante Frankfurt Ob Sie neu sind in Frankfurt \u00a0oder Ihr Wissen \u00fcber Frankfurt vertiefen wollen, ob Sie Freunden ihre Stadt pr\u00e4sentieren oder Originelles verschenken m\u00f6chten:\u00a0 F\u00fcr unsere Stadtf\u00fchrungen und Vortr\u00e4ge bietet sich immer eine Gelegenheit&#8230; F\u00fchrungen an Ihrem Wunschtermin F\u00fchrungen zu speziellen Themen, die [&hellip;]<\/p>\n","protected":false},"author":11,"featured_media":0,"parent":29,"menu_order":1,"comment_status":"closed","ping_status":"closed","template":"","meta":{"footnotes":""},"class_list":["post-2","page","type-page","status-publish","hentry"],"_links":{"self":[{"href":"https:\/\/frankfurt-liebenswert.de\/index.php?rest_route=\/wp\/v2\/pages\/2","targetHints":{"allow":["GET"]}}],"collection":[{"href":"https:\/\/frankfurt-liebenswert.de\/index.php?rest_route=\/wp\/v2\/pages"}],"about":[{"href":"https:\/\/frankfurt-liebenswert.de\/index.php?rest_route=\/wp\/v2\/types\/page"}],"author":[{"embeddable":true,"href":"https:\/\/frankfurt-liebenswert.de\/index.php?rest_route=\/wp\/v2\/users\/11"}],"replies":[{"embeddable":true,"href":"https:\/\/frankfurt-liebenswert.de\/index.php?rest_route=%2Fwp%2Fv2%2Fcomments&post=2"}],"version-history":[{"count":16,"href":"https:\/\/frankfurt-liebenswert.de\/index.php?rest_route=\/wp\/v2\/pages\/2\/revisions"}],"predecessor-version":[{"id":2372,"href":"https:\/\/frankfurt-liebenswert.de\/index.php?rest_route=\/wp\/v2\/pages\/2\/revisions\/2372"}],"up":[{"embeddable":true,"href":"https:\/\/frankfurt-liebenswert.de\/index.php?rest_route=\/wp\/v2\/pages\/29"}],"wp:attachment":[{"href":"https:\/\/frankfurt-liebenswert.de\/index.php?rest_route=%2Fwp%2Fv2%2Fmedia&parent=2"}],"curies":[{"name":"wp","href":"https:\/\/api.w.org\/{rel}","templated":true}]}}