{"id":2002,"date":"2024-03-05T17:40:59","date_gmt":"2024-03-05T15:40:59","guid":{"rendered":"https:\/\/frankfurt-liebenswert.de\/?page_id=2002"},"modified":"2025-05-22T18:21:28","modified_gmt":"2025-05-22T16:21:28","slug":"__trashed-3","status":"publish","type":"page","link":"https:\/\/frankfurt-liebenswert.de\/?page_id=2002","title":{"rendered":"G\u00e4stebuch"},"content":{"rendered":"<div class=\"gwolle-gb\"><div class=\"gwolle-gb-messages-top-container\"><\/div>\n\t\t\t<div class=\"gwolle-gb-write-button\">\n\t\t\t\t<input type=\"button\" name=\"gwolle-gb-write-button\" class=\"button btn btn-default \" value=\"Neuen Eintrag schreiben\" aria-expanded=\"false\" \/>\n\t\t\t<\/div>\n\t\t\t<form action=\"#\" method=\"POST\" class=\"gwolle-gb-write gwolle-gb-hide gwolle-gb-float gwolle-gb-form-ajax gwolle-gb-ajax gwolle-gb-not-logged-in\">\n\t\t\t\t<h3>Einen neuen Eintrag f\u00fcr das G\u00e4stebuch schreiben<\/h3>\n\t\t\t\t<button type=\"button\" class=\"gb-notice-dismiss\">x<span class=\"screen-reader-text\">Dieses Formular ausblenden<\/span><\/button>\n\t\t\t\n\t\t\t\t<input type=\"hidden\" name=\"gwolle_gb_function\" class=\"gwolle_gb_function\" value=\"add_entry\" \/><input type=\"hidden\" name=\"gwolle_gb_book_id\" class=\"gwolle_gb_book_id\" value=\"1\" \/><div class=\"gwolle_gb_319a812b8d86733596d8e02c1e7e8334\">\n\t\t\t\t<div class=\"label\"><label for=\"gwolle_gb_319a812b8d86733596d8e02c1e7e8334-1\" class=\"text-info\">Name <span class=\"required\">*<\/span><\/label><\/div>\n\t\t\t\t<div class=\"input\"><input class=\"wp-exclude-emoji gwolle_gb_319a812b8d86733596d8e02c1e7e8334\" value=\"\" type=\"text\" id=\"gwolle_gb_319a812b8d86733596d8e02c1e7e8334-1\" name=\"gwolle_gb_319a812b8d86733596d8e02c1e7e8334\" required \/><\/div>\n\t\t\t\t<div class=\"clearBoth\">&nbsp;<\/div>\n\t\t\t<\/div><div class=\"gwolle_gb_842dfee6120abd4159c568607506a50f\">\n\t\t\t\t\t<div class=\"label\"><label for=\"gwolle_gb_842dfee6120abd4159c568607506a50f-1\" class=\"text-info\">Stadt<\/label><\/div>\n\t\t\t\t\t<div class=\"input\"><input class=\"wp-exclude-emoji gwolle_gb_842dfee6120abd4159c568607506a50f\" value=\"\" type=\"text\" id=\"gwolle_gb_842dfee6120abd4159c568607506a50f-1\" name=\"gwolle_gb_842dfee6120abd4159c568607506a50f\" \/><\/div>\n\t\t\t\t\t<div class=\"clearBoth\">&nbsp;<\/div>\n\t\t\t\t<\/div><div class=\"gwolle_gb_34377be43991b6c13c6b1f5cc335bc50\">\n\t\t\t\t<div class=\"label\"><label for=\"gwolle_gb_34377be43991b6c13c6b1f5cc335bc50-1\" class=\"text-info\">E-Mail <span class=\"required\">*<\/span><\/label><\/div>\n\t\t\t\t<div class=\"input\"><input class=\"gwolle_gb_34377be43991b6c13c6b1f5cc335bc50\" value=\"\" type=\"email\" id=\"gwolle_gb_34377be43991b6c13c6b1f5cc335bc50-1\" name=\"gwolle_gb_34377be43991b6c13c6b1f5cc335bc50\" required \/><\/div>\n\t\t\t\t<div class=\"clearBoth\">&nbsp;<\/div>\n\t\t\t<\/div><div class=\"gwolle_gb_f096179d3a91b8f5fb434eb28b92823c\">\n\t\t\t\t<div class=\"label\"><label for=\"gwolle_gb_f096179d3a91b8f5fb434eb28b92823c-1\" class=\"text-info\">Website<\/label><\/div>\n\t\t\t\t<div class=\"input\"><input class=\"gwolle_gb_f096179d3a91b8f5fb434eb28b92823c\" value=\"\" type=\"url\" id=\"gwolle_gb_f096179d3a91b8f5fb434eb28b92823c-1\" name=\"gwolle_gb_f096179d3a91b8f5fb434eb28b92823c\" \/><\/div>\n\t\t\t\t<div class=\"clearBoth\">&nbsp;<\/div>\n\t\t\t<\/div>\n\t\t\t<div class=\"gwolle_gb_85a924bf3989993e67d7ece046986052\" style=\"display:none;overflow:hidden;\" hidden=\"true\" aria-hidden=\"true\">\n\t\t\t\t<div class=\"label\">\n\t\t\t\t\t<label for=\"gwolle_gb_85a924bf3989993e67d7ece046986052-1\" class=\"text-primary\">Hier nichts eingeben<\/label>\n\t\t\t\t\t<label for=\"gwolle_gb_0c3fe9330d05a2855cfc1544c677006d-1\" class=\"text-primary\">Hier nichts eingeben<\/label>\n\t\t\t\t<\/div>\n\t\t\t\t<div class=\"input\">\n\t\t\t\t\t<input value=\"11\" type=\"text\" id=\"gwolle_gb_85a924bf3989993e67d7ece046986052-1\" name=\"gwolle_gb_85a924bf3989993e67d7ece046986052\" class=\"gwolle_gb_85a924bf3989993e67d7ece046986052\" style=\"transform: translateY(10000px);\" \/>\n\t\t\t\t\t<input value=\"\" type=\"text\" name=\"gwolle_gb_0c3fe9330d05a2855cfc1544c677006d\" id=\"gwolle_gb_0c3fe9330d05a2855cfc1544c677006d-1\" class=\"gwolle_gb_0c3fe9330d05a2855cfc1544c677006d\" style=\"transform: translateY(10000px);\" \/>\n\t\t\t\t<\/div>\n\t\t\t\t<div class=\"clearBoth\"><\/div>\n\t\t\t<\/div>\n\t\t\t<div class=\"gwolle_gb_ba5ed84c2dcfdc2be0b692c5f17968da\" style=\"display:none;overflow:hidden;\" hidden=\"true\" aria-hidden=\"true\">\n\t\t\t\t<div class=\"label\">\n\t\t\t\t\t<label for=\"gwolle_gb_ba5ed84c2dcfdc2be0b692c5f17968da-1\" class=\"text-primary\">Hier nichts eingeben<\/label>\n\t\t\t\t\t<label for=\"gwolle_gb_1798faefe4f57d3659443461a04aa197-1\" class=\"text-primary\">Hier nichts eingeben<\/label>\n\t\t\t\t<\/div>\n\t\t\t\t<div class=\"input\">\n\t\t\t\t\t<input value=\"43988\" type=\"text\" id=\"gwolle_gb_ba5ed84c2dcfdc2be0b692c5f17968da-1\" name=\"gwolle_gb_ba5ed84c2dcfdc2be0b692c5f17968da\" class=\"gwolle_gb_ba5ed84c2dcfdc2be0b692c5f17968da\" style=\"transform: translateY(10000px);\" \/>\n\t\t\t\t\t<input value=\"43988\" type=\"text\"id=\"gwolle_gb_1798faefe4f57d3659443461a04aa197-1\" name=\"gwolle_gb_1798faefe4f57d3659443461a04aa197\" class=\"gwolle_gb_1798faefe4f57d3659443461a04aa197\" style=\"transform: translateY(10000px);\" \/>\n\t\t\t\t<\/div>\n\t\t\t\t<div class=\"clearBoth\"><\/div>\n\t\t\t<\/div><div class=\"gwolle_gb_content\">\n\t\t\t\t<div class=\"label\"><label for=\"gwolle_gb_content-1\" class=\"text-info\">G\u00e4stebucheintrag <span class=\"required\">*<\/span><\/label><\/div>\n\t\t\t\t<div class=\"input\"><textarea id=\"gwolle_gb_content-1\" name=\"gwolle_gb_content\" class=\"gwolle_gb_content wp-exclude-emoji\" required ><\/textarea><\/div>\n\t\t\t\t\t<div class=\"clearBoth\">&nbsp;<\/div>\n\t\t\t\t<\/div><input type=\"hidden\" class=\"gwolle_gb_88912f8a6ca4d54f59d9521ff9c1452b\" id=\"gwolle_gb_88912f8a6ca4d54f59d9521ff9c1452b-1\" name=\"gwolle_gb_88912f8a6ca4d54f59d9521ff9c1452b\" value=\"88384bb5b6\" \/>\n\t\t\t<div class=\"gwolle-gb-messages-bottom-container\"><\/div>\n\n\t\t\t<noscript><div class=\"no-js\">Warnung: Dieses Formular kann nur verwendet werden, wenn in deinem Browser JavaScript aktiviert ist.<\/div><\/noscript>\n\n\t\t\t<div class=\"gwolle_gb_submit gwolle-gb-submit\">\n\t\t\t\t<div class=\"label gwolle-gb-invisible text-muted\">&nbsp;<\/div>\n\t\t\t\t<div class=\"input\">\n\t\t\t\t\t<input type=\"submit\" name=\"gwolle_gb_submit\" class=\"gwolle_gb_submit button btn btn-primary \" value=\"Absenden\" \/>\n\t\t\t\t\t<span class=\"gwolle_gb_submit_ajax_icon gwolle-gb-submit-ajax-icon\"><\/span>\n\t\t\t\n\t\t\t\t<\/div>\n\t\t\t\t<div class=\"clearBoth\">&nbsp;<\/div>\n\t\t\t<\/div>\n\n\t\t\t<div class=\"gwolle_gb_notice gwolle-gb-notice\">\n\t\t\t\t<br \/>\nMit * gekennzeichnete Felder sind erforderlich.<br \/>\nDeine E-Mail-Adresse wird nicht ver\u00f6ffentlicht.<br \/>\nEs ist m\u00f6glich, dass dein Eintrag im G\u00e4stebuch erst sichtbar ist, nachdem wir ihn \u00fcberpr\u00fcft haben.<br \/>\nWir behalten uns vor, Eintr\u00e4ge zu bearbeiten, zu l\u00f6schen oder nicht zu ver\u00f6ffentlichen.<br \/>\n\n\t\t\t<\/div><\/form><div class=\"gwolle-gb-read gwolle-gb-ajax gwolle-gb-entries-list\" data-book_id=\"1\" data-page_id=\"1\">\n\t\t<div id=\"gwolle-gb-total\" class=\"gwolle-gb-total\">8 Eintr\u00e4ge<\/div><!-- Gwolle-GB Entry: Default Template Loaded -->\n\t\t\t\t<div class=\"gb-entry gb-entry_71 gb-entry-count_1 gwolle-gb-uneven gwolle-gb-first\" id=\"gb-entry_71\" data-entry_id=\"71\">\n\t\t\t\t<article>\n\t\t\t\t\t<div class=\"gb-author-info\">\n\t\t\t\t\t\t<span class=\"gb-author-avatar\"><img referrerpolicy=\"no-referrer\" alt='Christine' src='https:\/\/secure.gravatar.com\/avatar\/213d0634bfa87b093495d1bef2399ff5a5f8f8b17c1734f99a85097b78ebed9b?s=32&#038;d=mm&#038;r=g' srcset='https:\/\/secure.gravatar.com\/avatar\/213d0634bfa87b093495d1bef2399ff5a5f8f8b17c1734f99a85097b78ebed9b?s=64&#038;d=mm&#038;r=g 2x' class='avatar avatar-32 photo' height='32' width='32' \/><\/span>\n\t\t\t\t\t\t<span class=\"gb-author-name\">Christine\n\t\t\t\t\t\t<\/span>\n\t\t\t\t\t\t<span class=\"gb-datetime\">\n\t\t\t\t\t\t\t<span class=\"gb-date\"><span class=\"gb-date-wrote-text\"> schrieb am<\/span><span class=\"gb-date-text\"> 5. Oktober 2025<\/span>\n\t\t\t\t\t\t\t<\/span><span class=\"gb-time\">\n\t\t\t\t\t\t\t\t\t<span class=\"gb-time-at-text\"> um<\/span>\n\t\t\t\t\t\t\t\t\t<span class=\"gb-time-text\"> 11:09<\/span>\n\t\t\t\t\t\t\t\t<\/span>\n\t\t\t\t\t\t<\/span> \n\t\t\t\t\t<\/div>\n\t\t\t\t\t<div class=\"gb-entry-content\">F\u00fcr den Besuch meiner Schwestern in Frankfurt hat mir der Freundeskreis auf meine Anfrage hin eine F\u00fchrung angeboten - wie sch\u00f6n ist das!\r\n                                                      Danke f\u00fcr viele Informationen, Details, Zusammenh\u00e4nge, die auch mir als Zugezogener die Stadt noch n\u00e4her gebracht haben, f\u00fcr Ihre Offenheit und f\u00fcr Ihre Bereitschaft, zu teilen.\n\t\t\t\t\t<\/div>\n\t\t\t\t<\/article>\n\t\t\t<\/div>\n\t\t\t<div class=\"gb-entry gb-entry_69 gb-entry-count_2 gwolle-gb-even\" id=\"gb-entry_69\" data-entry_id=\"69\">\n\t\t\t\t<article>\n\t\t\t\t\t<div class=\"gb-author-info\">\n\t\t\t\t\t\t<span class=\"gb-author-avatar\"><img referrerpolicy=\"no-referrer\" alt='Jazzband Frankfurt' src='https:\/\/secure.gravatar.com\/avatar\/92b36f8336fe8224d8736d0b3c63600ed5da8baa54a274648f0bdbffb013552c?s=32&#038;d=mm&#038;r=g' srcset='https:\/\/secure.gravatar.com\/avatar\/92b36f8336fe8224d8736d0b3c63600ed5da8baa54a274648f0bdbffb013552c?s=64&#038;d=mm&#038;r=g 2x' class='avatar avatar-32 photo' height='32' width='32' \/><\/span>\n\t\t\t\t\t\t<span class=\"gb-author-name\"><a href=\"https:\/\/jazzband-live.de\/jazzband-frankfurt\/\" target=\"_blank\" rel=\"nofollow noopener noreferrer\"\n\t\t\t\t\t\t\ttitle=\"Besuche die Website von Jazzband Frankfurt: https:\/\/jazzband-live.de\/jazzband-frankfurt\/\">Jazzband Frankfurt<\/a>\n\t\t\t\t\t\t<\/span>\n\t\t\t\t\t\t<span class=\"gb-author-origin\">\n\t\t\t\t\t\t\t<span class=\"gb-author-origin-from-text\"> aus<\/span>\n\t\t\t\t\t\t\t<span class=\"gb-author-origin-text\"> Frankfurt<\/span>\n\t\t\t\t\t\t<\/span>\n\t\t\t\t\t\t<span class=\"gb-datetime\">\n\t\t\t\t\t\t\t<span class=\"gb-date\"><span class=\"gb-date-wrote-text\"> schrieb am<\/span><span class=\"gb-date-text\"> 27. M\u00e4rz 2025<\/span>\n\t\t\t\t\t\t\t<\/span><span class=\"gb-time\">\n\t\t\t\t\t\t\t\t\t<span class=\"gb-time-at-text\"> um<\/span>\n\t\t\t\t\t\t\t\t\t<span class=\"gb-time-text\"> 11:57<\/span>\n\t\t\t\t\t\t\t\t<\/span>\n\t\t\t\t\t\t<\/span> \n\t\t\t\t\t<\/div>\n\t\t\t\t\t<div class=\"gb-entry-content\">Ihr leistet tolle Arbeit f\u00fcr Frankfurt. Vielen Dank daf\u00fcr! Die Website ist \u00fcbrigens sehr informativ. Herzlich gr\u00fc\u00dft Mike von der Jazzband Frankfurt\n\t\t\t\t\t<\/div>\n\t\t\t\t<\/article>\n\t\t\t<\/div>\n\t\t\t<div class=\"gb-entry gb-entry_60 gb-entry-count_3 gwolle-gb-uneven\" id=\"gb-entry_60\" data-entry_id=\"60\">\n\t\t\t\t<article>\n\t\t\t\t\t<div class=\"gb-author-info\">\n\t\t\t\t\t\t<span class=\"gb-author-avatar\"><img referrerpolicy=\"no-referrer\" alt='Wilhelm' src='https:\/\/secure.gravatar.com\/avatar\/0f85469e54ea3b41bc4e54576f4b939ff87a9fc42211c75d05627cabaa9bb655?s=32&#038;d=mm&#038;r=g' srcset='https:\/\/secure.gravatar.com\/avatar\/0f85469e54ea3b41bc4e54576f4b939ff87a9fc42211c75d05627cabaa9bb655?s=64&#038;d=mm&#038;r=g 2x' class='avatar avatar-32 photo' height='32' width='32' \/><\/span>\n\t\t\t\t\t\t<span class=\"gb-author-name\"><i class=\"gb-moderator\">Wilhelm<\/i>\n\t\t\t\t\t\t<\/span>\n\t\t\t\t\t\t<span class=\"gb-datetime\">\n\t\t\t\t\t\t\t<span class=\"gb-date\"><span class=\"gb-date-wrote-text\"> schrieb am<\/span><span class=\"gb-date-text\"> 22. Februar 2025<\/span>\n\t\t\t\t\t\t\t<\/span><span class=\"gb-time\">\n\t\t\t\t\t\t\t\t\t<span class=\"gb-time-at-text\"> um<\/span>\n\t\t\t\t\t\t\t\t\t<span class=\"gb-time-text\"> 12:00<\/span>\n\t\t\t\t\t\t\t\t<\/span>\n\t\t\t\t\t\t<\/span> \n\t\t\t\t\t<\/div>\n\t\t\t\t\t<div class=\"gb-entry-content\">ich hatte die einmalige Gelegenheit mich bei dem Vortrag am 19.03.25 des Freundeskreises \u00fcber die &#039;Geburt&#039; bis heute der Nordweststadt Frankfurt zu informieren. Die Geschichte dieser einmaligen &#039;Stadt&#039;, die kein Stadtteil von Frankfurt ist sondern zu drei Stadtteilen geh\u00f6rt war sehr informativ. Ich werde sicher weitere Vortr\u00e4ge des Freundeskreises besuchen.\n\t\t\t\t\t<\/div>\n\t\t\t\t<\/article>\n\t\t\t<\/div>\n\t\t\t<div class=\"gb-entry gb-entry_50 gb-entry-count_4 gwolle-gb-even\" id=\"gb-entry_50\" data-entry_id=\"50\">\n\t\t\t\t<article>\n\t\t\t\t\t<div class=\"gb-author-info\">\n\t\t\t\t\t\t<span class=\"gb-author-avatar\"><img referrerpolicy=\"no-referrer\" alt='Bernd' src='https:\/\/secure.gravatar.com\/avatar\/629d0335e219e2abe31a4471e9f1241b63f81cfa7b7bdda17ce9fd297d7425d7?s=32&#038;d=mm&#038;r=g' srcset='https:\/\/secure.gravatar.com\/avatar\/629d0335e219e2abe31a4471e9f1241b63f81cfa7b7bdda17ce9fd297d7425d7?s=64&#038;d=mm&#038;r=g 2x' class='avatar avatar-32 photo' height='32' width='32' \/><\/span>\n\t\t\t\t\t\t<span class=\"gb-author-name\"><i class=\"gb-moderator\">Bernd<\/i>\n\t\t\t\t\t\t<\/span>\n\t\t\t\t\t\t<span class=\"gb-author-origin\">\n\t\t\t\t\t\t\t<span class=\"gb-author-origin-from-text\"> aus<\/span>\n\t\t\t\t\t\t\t<span class=\"gb-author-origin-text\"> Hofheim<\/span>\n\t\t\t\t\t\t<\/span>\n\t\t\t\t\t\t<span class=\"gb-datetime\">\n\t\t\t\t\t\t\t<span class=\"gb-date\"><span class=\"gb-date-wrote-text\"> schrieb am<\/span><span class=\"gb-date-text\"> 9. Januar 2025<\/span>\n\t\t\t\t\t\t\t<\/span><span class=\"gb-time\">\n\t\t\t\t\t\t\t\t\t<span class=\"gb-time-at-text\"> um<\/span>\n\t\t\t\t\t\t\t\t\t<span class=\"gb-time-text\"> 17:58<\/span>\n\t\t\t\t\t\t\t\t<\/span>\n\t\t\t\t\t\t<\/span> \n\t\t\t\t\t<\/div>\n\t\t\t\t\t<div class=\"gb-entry-content\">Lieber Freundeskreis !  ...  Ich kann nur sagen: Weiter so !  ...  Eure Vortr\u00e4ge und F\u00fchrungen sind interessant und kurzweilig. Ich lerne immer wieder etwas Neues \u00fcber meine Heimatstadt. Ich w\u00fcnsche Euch auch in 2025 viel Freude bei euren Aktivit\u00e4ten und Vorhaben.\n\t\t\t\t\t<\/div>\n\t\t\t\t<\/article>\n\t\t\t<\/div>\n\t\t\t<div class=\"gb-entry gb-entry_20 gb-entry-count_5 gwolle-gb-uneven\" id=\"gb-entry_20\" data-entry_id=\"20\">\n\t\t\t\t<article>\n\t\t\t\t\t<div class=\"gb-author-info\">\n\t\t\t\t\t\t<span class=\"gb-author-avatar\"><img referrerpolicy=\"no-referrer\" alt='Familie Straub' src='https:\/\/secure.gravatar.com\/avatar\/493fab9925757ce53f0ef2f8724a1436a224414c38dd5b0b9bea76cefff8c015?s=32&#038;d=mm&#038;r=g' srcset='https:\/\/secure.gravatar.com\/avatar\/493fab9925757ce53f0ef2f8724a1436a224414c38dd5b0b9bea76cefff8c015?s=64&#038;d=mm&#038;r=g 2x' class='avatar avatar-32 photo' height='32' width='32' \/><\/span>\n\t\t\t\t\t\t<span class=\"gb-author-name\">Familie Straub\n\t\t\t\t\t\t<\/span>\n\t\t\t\t\t\t<span class=\"gb-author-origin\">\n\t\t\t\t\t\t\t<span class=\"gb-author-origin-from-text\"> aus<\/span>\n\t\t\t\t\t\t\t<span class=\"gb-author-origin-text\"> T\u00fcbingen<\/span>\n\t\t\t\t\t\t<\/span>\n\t\t\t\t\t\t<span class=\"gb-datetime\">\n\t\t\t\t\t\t\t<span class=\"gb-date\"><span class=\"gb-date-wrote-text\"> schrieb am<\/span><span class=\"gb-date-text\"> 24. Juni 2024<\/span>\n\t\t\t\t\t\t\t<\/span><span class=\"gb-time\">\n\t\t\t\t\t\t\t\t\t<span class=\"gb-time-at-text\"> um<\/span>\n\t\t\t\t\t\t\t\t\t<span class=\"gb-time-text\"> 6:54<\/span>\n\t\t\t\t\t\t\t\t<\/span>\n\t\t\t\t\t\t<\/span> \n\t\t\t\t\t<\/div>\n\t\t\t\t\t<div class=\"gb-entry-content\">84 Jahre sp\u00e4ter beschritt unser  92j\u00e4hr.Vater seine Stra\u00dfen der Kindheit mit uns Kindern  in Frankfurt . Seine Augen leuchteten ; der ansonsten zerbrechlich wirkende K\u00f6rper strotzte voller Energie ! Ein erhebendes Gef\u00fchl, die Familiengeschichte vor Ort  erleben zu d\u00fcrfen; auch wie der Krieg die Familie auseinanderri\u00df und H\u00e4user zerst\u00f6rte; Erinnerungen k\u00f6nnen Jahrzehnte sp\u00e4ter ein Mahnmal sein, so etwas nie wieder geschehen zu lassen.  \r\nDa war die Stadtf\u00fchrung am n\u00e4chsten Tag erfrischend heiter und  legte eine Leichtigkeit \u00fcber manch Vergangenes ;  Geschichte in der modernen Metropole wurde uns sehr abwechslungsreich ,spannend  und  zugleich pers\u00f6nlich wiedergegeben.\r\nSch\u00f6n, dass es den Euch, den Freundeskreis der Stadt Frankfurt gibt . Danke;)\r\nS.Straub-Duffner\n\t\t\t\t\t<\/div>\n\t\t\t\t<\/article>\n\t\t\t<\/div>\n\t\t\t<div class=\"gb-entry gb-entry_14 gb-entry-count_6 gwolle-gb-even\" id=\"gb-entry_14\" data-entry_id=\"14\">\n\t\t\t\t<article>\n\t\t\t\t\t<div class=\"gb-author-info\">\n\t\t\t\t\t\t<span class=\"gb-author-avatar\"><img referrerpolicy=\"no-referrer\" alt='Joachim' src='https:\/\/secure.gravatar.com\/avatar\/6369b7d644876acfc44bcdcfda1cf3beaaf1842145b4dfe9c70feac935f23f4c?s=32&#038;d=mm&#038;r=g' srcset='https:\/\/secure.gravatar.com\/avatar\/6369b7d644876acfc44bcdcfda1cf3beaaf1842145b4dfe9c70feac935f23f4c?s=64&#038;d=mm&#038;r=g 2x' class='avatar avatar-32 photo' height='32' width='32' \/><\/span>\n\t\t\t\t\t\t<span class=\"gb-author-name\">Joachim\n\t\t\t\t\t\t<\/span>\n\t\t\t\t\t\t<span class=\"gb-datetime\">\n\t\t\t\t\t\t\t<span class=\"gb-date\"><span class=\"gb-date-wrote-text\"> schrieb am<\/span><span class=\"gb-date-text\"> 22. April 2024<\/span>\n\t\t\t\t\t\t\t<\/span><span class=\"gb-time\">\n\t\t\t\t\t\t\t\t\t<span class=\"gb-time-at-text\"> um<\/span>\n\t\t\t\t\t\t\t\t\t<span class=\"gb-time-text\"> 16:58<\/span>\n\t\t\t\t\t\t\t\t<\/span>\n\t\t\t\t\t\t<\/span> \n\t\t\t\t\t<\/div>\n\t\t\t\t\t<div class=\"gb-entry-content\">Der Vortrag \u00fcber die &#039;Alte Br\u00fccke&#039; in Frankfurt war sehr informativ und interessant. Ich konnte viel Neues erfahren und die Bilder unterstrichen die Informationen und Erkl\u00e4rungen von Frau Ramm-Fischer.\nIch werde sicherlich auch den n\u00e4chsten Vortrag beiwohnen.\n\t\t\t\t\t<\/div>\n\t\t\t\t<\/article>\n\t\t\t<\/div>\n\t\t\t<div class=\"gb-entry gb-entry_6 gb-entry-count_7 gwolle-gb-uneven\" id=\"gb-entry_6\" data-entry_id=\"6\">\n\t\t\t\t<article>\n\t\t\t\t\t<div class=\"gb-author-info\">\n\t\t\t\t\t\t<span class=\"gb-author-avatar\"><img referrerpolicy=\"no-referrer\" alt='annette' src='https:\/\/secure.gravatar.com\/avatar\/353170ca9c3865aa6c7fc70ba65f3df573042c4ce4947406908e0e025a55b585?s=32&#038;d=mm&#038;r=g' srcset='https:\/\/secure.gravatar.com\/avatar\/353170ca9c3865aa6c7fc70ba65f3df573042c4ce4947406908e0e025a55b585?s=64&#038;d=mm&#038;r=g 2x' class='avatar avatar-32 photo' height='32' width='32' \/><\/span>\n\t\t\t\t\t\t<span class=\"gb-author-name\">annette\n\t\t\t\t\t\t<\/span>\n\t\t\t\t\t\t<span class=\"gb-author-origin\">\n\t\t\t\t\t\t\t<span class=\"gb-author-origin-from-text\"> aus<\/span>\n\t\t\t\t\t\t\t<span class=\"gb-author-origin-text\"> Frankfurt<\/span>\n\t\t\t\t\t\t<\/span>\n\t\t\t\t\t\t<span class=\"gb-datetime\">\n\t\t\t\t\t\t\t<span class=\"gb-date\"><span class=\"gb-date-wrote-text\"> schrieb am<\/span><span class=\"gb-date-text\"> 20. M\u00e4rz 2024<\/span>\n\t\t\t\t\t\t\t<\/span><span class=\"gb-time\">\n\t\t\t\t\t\t\t\t\t<span class=\"gb-time-at-text\"> um<\/span>\n\t\t\t\t\t\t\t\t\t<span class=\"gb-time-text\"> 17:51<\/span>\n\t\t\t\t\t\t\t\t<\/span>\n\t\t\t\t\t\t<\/span> \n\t\t\t\t\t<\/div>\n\t\t\t\t\t<div class=\"gb-entry-content\">Prima Bildervortrag heute im Saalbau Bornheim - \u00fcber die Nidda in Frankfurt, die sich von Berkersheim im Norden bis in den S\u00fcdwesten nach H\u00f6chst schl\u00e4ngelt an vielen interessanten Orten vorbei.\n\t\t\t\t\t<\/div>\n\t\t\t\t<\/article>\n\t\t\t<\/div>\n\t\t\t<div class=\"gb-entry gb-entry_3 gb-entry-count_8 gwolle-gb-even\" id=\"gb-entry_3\" data-entry_id=\"3\">\n\t\t\t\t<article>\n\t\t\t\t\t<div class=\"gb-author-info\">\n\t\t\t\t\t\t<span class=\"gb-author-avatar\"><img referrerpolicy=\"no-referrer\" alt='Waltrud' src='https:\/\/secure.gravatar.com\/avatar\/6369b7d644876acfc44bcdcfda1cf3beaaf1842145b4dfe9c70feac935f23f4c?s=32&#038;d=mm&#038;r=g' srcset='https:\/\/secure.gravatar.com\/avatar\/6369b7d644876acfc44bcdcfda1cf3beaaf1842145b4dfe9c70feac935f23f4c?s=64&#038;d=mm&#038;r=g 2x' class='avatar avatar-32 photo' height='32' width='32' \/><\/span>\n\t\t\t\t\t\t<span class=\"gb-author-name\"><i class=\"gb-moderator\">Waltrud<\/i>\n\t\t\t\t\t\t<\/span>\n\t\t\t\t\t\t<span class=\"gb-datetime\">\n\t\t\t\t\t\t\t<span class=\"gb-date\"><span class=\"gb-date-wrote-text\"> schrieb am<\/span><span class=\"gb-date-text\"> 16. M\u00e4rz 2024<\/span>\n\t\t\t\t\t\t\t<\/span><span class=\"gb-time\">\n\t\t\t\t\t\t\t\t\t<span class=\"gb-time-at-text\"> um<\/span>\n\t\t\t\t\t\t\t\t\t<span class=\"gb-time-text\"> 16:14<\/span>\n\t\t\t\t\t\t\t\t<\/span>\n\t\t\t\t\t\t<\/span> \n\t\t\t\t\t<\/div>\n\t\t\t\t\t<div class=\"gb-entry-content\">Hallo Stadtbegleiter,\r\nIhr seid eine tolles Team ! \r\nDie F\u00fchrung letzte Woche war grandios - genau richtig.\r\nIch kann Euch nur weiter empfehlen.\r\nMacht weiter so!!\r\nWaltrud\n\t\t\t\t\t<\/div>\n\t\t\t\t<\/article>\n\t\t\t<\/div>\n\t\t\t<\/div><\/div>\n<p>&nbsp;<\/p>\n<hr \/>\n<p style=\"text-align: center;\"><span style=\"color: #999999;\">Freundeskreis liebenswertes Frankfurt e.V.<\/span><br \/>\n<span style=\"color: #339966;\"><a style=\"color: #339966;\" href=\"https:\/\/frankfurt-liebenswert.de\/\">info@frankfurt-liebenswert.de<\/a><\/span><\/p>\n<p style=\"text-align: center;\"><a href=\"https:\/\/frankfurt-liebenswert.de\/?page_id=34\">Impressum<\/a><br \/>\n<span style=\"color: #999999;\"><a href=\"https:\/\/frankfurt-liebenswert.de\/?page_id=835\">Datenschutz<\/a><\/span><br \/>\n<span style=\"color: #999999;\"><a href=\"https:\/\/frankfurt-liebenswert.de\/?page_id=838\">Haftungsausschluss<\/a><\/span><\/p>\n","protected":false},"excerpt":{"rendered":"<p>&nbsp; Freundeskreis liebenswertes Frankfurt e.V. info@frankfurt-liebenswert.de Impressum Datenschutz Haftungsausschluss<\/p>\n","protected":false},"author":12,"featured_media":0,"parent":0,"menu_order":3,"comment_status":"closed","ping_status":"closed","template":"","meta":{"footnotes":""},"class_list":["post-2002","page","type-page","status-publish","hentry"],"_links":{"self":[{"href":"https:\/\/frankfurt-liebenswert.de\/index.php?rest_route=\/wp\/v2\/pages\/2002","targetHints":{"allow":["GET"]}}],"collection":[{"href":"https:\/\/frankfurt-liebenswert.de\/index.php?rest_route=\/wp\/v2\/pages"}],"about":[{"href":"https:\/\/frankfurt-liebenswert.de\/index.php?rest_route=\/wp\/v2\/types\/page"}],"author":[{"embeddable":true,"href":"https:\/\/frankfurt-liebenswert.de\/index.php?rest_route=\/wp\/v2\/users\/12"}],"replies":[{"embeddable":true,"href":"https:\/\/frankfurt-liebenswert.de\/index.php?rest_route=%2Fwp%2Fv2%2Fcomments&post=2002"}],"version-history":[{"count":7,"href":"https:\/\/frankfurt-liebenswert.de\/index.php?rest_route=\/wp\/v2\/pages\/2002\/revisions"}],"predecessor-version":[{"id":2227,"href":"https:\/\/frankfurt-liebenswert.de\/index.php?rest_route=\/wp\/v2\/pages\/2002\/revisions\/2227"}],"wp:attachment":[{"href":"https:\/\/frankfurt-liebenswert.de\/index.php?rest_route=%2Fwp%2Fv2%2Fmedia&parent=2002"}],"curies":[{"name":"wp","href":"https:\/\/api.w.org\/{rel}","templated":true}]}}